{"id":1084,"date":"2022-10-22T15:52:31","date_gmt":"2022-10-22T15:52:31","guid":{"rendered":"https:\/\/support.gymhyper.com\/?page_id=1084"},"modified":"2024-11-28T23:52:40","modified_gmt":"2024-11-28T21:52:40","slug":"pagina-de-schimb","status":"publish","type":"page","link":"https:\/\/support.gymhyper.com\/en\/pagina-de-schimb\/","title":{"rendered":"Schimb"},"content":{"rendered":"<div data-elementor-type=\"wp-page\" data-elementor-id=\"1084\" class=\"elementor elementor-1084\">\n\t\t\t\t\t\t<section class=\"elementor-section elementor-top-section elementor-element elementor-element-1af4aaf elementor-section-boxed elementor-section-height-default elementor-section-height-default\" data-id=\"1af4aaf\" data-element_type=\"section\" data-e-type=\"section\">\n\t\t\t\t\t\t<div class=\"elementor-container elementor-column-gap-default\">\n\t\t\t\t\t<div class=\"elementor-column elementor-col-100 elementor-top-column elementor-element elementor-element-3867f08\" data-id=\"3867f08\" data-element_type=\"column\" data-e-type=\"column\">\n\t\t\t<div class=\"elementor-widget-wrap elementor-element-populated\">\n\t\t\t\t\t\t<div class=\"elementor-element elementor-element-631faca elementor-widget elementor-widget-heading\" data-id=\"631faca\" data-element_type=\"widget\" data-e-type=\"widget\" data-widget_type=\"heading.default\">\n\t\t\t\t<div class=\"elementor-widget-container\">\n\t\t\t\t\t<h2 class=\"elementor-heading-title elementor-size-default\">Exchange form<\/h2>\t\t\t\t<\/div>\n\t\t\t\t<\/div>\n\t\t\t\t<div class=\"elementor-element elementor-element-d1b49f7 elementor-widget elementor-widget-heading\" data-id=\"d1b49f7\" data-element_type=\"widget\" data-e-type=\"widget\" data-widget_type=\"heading.default\">\n\t\t\t\t<div class=\"elementor-widget-container\">\n\t\t\t\t\t<h2 class=\"elementor-heading-title elementor-size-default\">You have up to 15 days to start the exchange from the moment your GymHyper order is delivered.<\/h2>\t\t\t\t<\/div>\n\t\t\t\t<\/div>\n\t\t\t\t<div class=\"elementor-element elementor-element-395e34d elementor-widget elementor-widget-shortcode\" data-id=\"395e34d\" data-element_type=\"widget\" data-e-type=\"widget\" data-widget_type=\"shortcode.default\">\n\t\t\t\t<div class=\"elementor-widget-container\">\n\t\t\t\t\t\t\t<div class=\"elementor-shortcode\"><div class=\"forminator-ui forminator-custom-form forminator-custom-form-2828 forminator-design--default  forminator_ajax\" data-forminator-render=\"0\" data-form=\"forminator-module-2828\" data-uid=\"69e3f873ec284\"><br\/><\/div><form\n\t\t\t\tid=\"forminator-module-2828\"\n\t\t\t\tclass=\"forminator-ui forminator-custom-form forminator-custom-form-2828 forminator-design--default  forminator_ajax\"\n\t\t\t\tmethod=\"post\"\n\t\t\t\tdata-forminator-render=\"0\"\n\t\t\t\tdata-form-id=\"2828\"\n\t\t\t\t data-color-option=\"default\" data-design=\"default\" data-grid=\"open\" style=\"display: none;\"\n\t\t\t\tdata-uid=\"69e3f873ec284\" action=\"\"\n\t\t\t><div role=\"alert\" aria-live=\"polite\" class=\"forminator-response-message forminator-error\" aria-hidden=\"true\"><\/div><div class=\"forminator-row\"><div id=\"name-1\" class=\"forminator-field-name forminator-col forminator-col-12\"><div class=\"forminator-row forminator-no-margin\" data-multiple=\"true\"><div class=\"forminator-col forminator-col-md-6\"><div class=\"forminator-field\"><label for=\"forminator-field-first-name-1_69e3f873ec284\" id=\"forminator-field-first-name-1_69e3f873ec284-label\" class=\"forminator-label\">First name <span class=\"forminator-required\">*<\/span><\/label><input type=\"text\" name=\"name-1-first-name\" placeholder=\"\" id=\"forminator-field-first-name-1_69e3f873ec284\" class=\"forminator-input\" aria-required=\"true\" data-multi=\"1\" autocomplete=\"given-name\" value=\"\" \/><\/div><\/div><div class=\"forminator-col forminator-col-md-6\"><div class=\"forminator-field\"><label for=\"forminator-field-last-name-1_69e3f873ec284\" id=\"forminator-field-last-name-1_69e3f873ec284-label\" class=\"forminator-label\">Nume <span class=\"forminator-required\">*<\/span><\/label><input type=\"text\" name=\"name-1-last-name\" placeholder=\"\" id=\"forminator-field-last-name-1_69e3f873ec284\" class=\"forminator-input\" aria-required=\"true\" data-multi=\"1\" autocomplete=\"family-name\" value=\"\" \/><\/div><\/div><\/div><\/div><\/div><div class=\"forminator-row\"><div id=\"email-1\" class=\"forminator-field-email forminator-col forminator-col-6\"><div class=\"forminator-field\"><label for=\"forminator-field-email-1_69e3f873ec284\" id=\"forminator-field-email-1_69e3f873ec284-label\" class=\"forminator-label\">Adresa de email <span class=\"forminator-required\">*<\/span><\/label><input type=\"email\" name=\"email-1\" value=\"\" placeholder=\"\" id=\"forminator-field-email-1_69e3f873ec284\" class=\"forminator-input forminator-email--field\" data-required=\"1\" aria-required=\"true\" autocomplete=\"email\" \/><\/div><\/div><div id=\"phone-1\" class=\"forminator-field-phone forminator-col forminator-col-6\"><div class=\"forminator-field\"><label for=\"forminator-field-phone-1_69e3f873ec284\" id=\"forminator-field-phone-1_69e3f873ec284-label\" class=\"forminator-label\">Telefon <span class=\"forminator-required\">*<\/span><\/label><input type=\"text\" name=\"phone-1\" value=\"\" placeholder=\"\" id=\"forminator-field-phone-1_69e3f873ec284\" class=\"forminator-input forminator-field--phone\" data-required=\"1\" aria-required=\"true\" autocomplete=\"off\" \/><\/div><\/div><\/div><div class=\"forminator-row\"><div id=\"date-1\" class=\"forminator-field-date forminator-col forminator-col-12\"><label for=\"forminator-field-date-1\" id=\"forminator-field-date-1-label\" class=\"forminator-label\">Data Na\u0219terii <span class=\"forminator-required\">*<\/span><\/label><div class=\"forminator-date-select\"><div class=\"forminator-row\" data-multiple=\"true\"><div id=\"date-1-day\" class=\"forminator-col\"><div class=\"forminator-field\"><label for=\"forminator-field-2828__field--date-1-day_69e3f873ec284\" id=\"forminator-field-2828__field--date-1-day_69e3f873ec284-label\" class=\"forminator-label\">Ziua<\/label><select name=\"date-1-day\" id=\"forminator-field-2828__field--date-1-day_69e3f873ec284\" class=\"forminator-select2\" data-format=\"dd\/mm\/yy\" data-parent=\"date-1\" aria-labelledby=\"forminator-field-2828__field--date-1-day_69e3f873ec284-label\" data-default-value=\"\"><option value=\"\" selected=\"selected\">Select day<\/option><option value=\"1\" >1<\/option><option value=\"2\" >2<\/option><option value=\"3\" >3<\/option><option value=\"4\" >4<\/option><option value=\"5\" >5<\/option><option value=\"6\" >6<\/option><option value=\"7\" >7<\/option><option value=\"8\" >8<\/option><option value=\"9\" >9<\/option><option value=\"10\" >10<\/option><option value=\"11\" >11<\/option><option value=\"12\" >12<\/option><option value=\"13\" >13<\/option><option value=\"14\" >14<\/option><option value=\"15\" >15<\/option><option value=\"16\" >16<\/option><option value=\"17\" >17<\/option><option value=\"18\" >18<\/option><option value=\"19\" >19<\/option><option value=\"20\" >20<\/option><option value=\"21\" >21<\/option><option value=\"22\" >22<\/option><option value=\"23\" >23<\/option><option value=\"24\" >24<\/option><option value=\"25\" >25<\/option><option value=\"26\" >26<\/option><option value=\"27\" >27<\/option><option value=\"28\" >28<\/option><option value=\"29\" >29<\/option><option value=\"30\" >30<\/option><option value=\"31\" >31<\/option><\/select><\/div><\/div><div id=\"date-1-month\" class=\"forminator-col\"><div class=\"forminator-field\"><label for=\"forminator-field-2828__field--date-1-month_69e3f873ec284\" id=\"forminator-field-2828__field--date-1-month_69e3f873ec284-label\" class=\"forminator-label\">Luna<\/label><select name=\"date-1-month\" id=\"forminator-field-2828__field--date-1-month_69e3f873ec284\" class=\"forminator-select2\" data-format=\"dd\/mm\/yy\" data-parent=\"date-1\" aria-labelledby=\"forminator-field-2828__field--date-1-month_69e3f873ec284-label\" data-default-value=\"\"><option value=\"\" selected=\"selected\">Select month<\/option><option value=\"1\" >1<\/option><option value=\"2\" >2<\/option><option value=\"3\" >3<\/option><option value=\"4\" >4<\/option><option value=\"5\" >5<\/option><option value=\"6\" >6<\/option><option value=\"7\" >7<\/option><option value=\"8\" >8<\/option><option value=\"9\" >9<\/option><option value=\"10\" >10<\/option><option value=\"11\" >11<\/option><option value=\"12\" >12<\/option><\/select><\/div><\/div><div id=\"date-1-year\" class=\"forminator-col\"><div class=\"forminator-field\"><label for=\"forminator-field-2828__field--date-1-year_69e3f873ec284\" id=\"forminator-field-2828__field--date-1-year_69e3f873ec284-label\" class=\"forminator-label\">Anul<\/label><select name=\"date-1-year\" id=\"forminator-field-2828__field--date-1-year_69e3f873ec284\" class=\"forminator-select2\" data-format=\"dd\/mm\/yy\" data-parent=\"date-1\" aria-labelledby=\"forminator-field-2828__field--date-1-year_69e3f873ec284-label\" data-default-value=\"\"><option value=\"\" selected=\"selected\">Select Year<\/option><option value=\"2006\" >2006<\/option><option value=\"2005\" >2005<\/option><option value=\"2004\" >2004<\/option><option value=\"2003\" >2003<\/option><option value=\"2002\" >2002<\/option><option value=\"2001\" >2001<\/option><option value=\"2000\" >2000<\/option><option value=\"1999\" >1999<\/option><option value=\"1998\" >1998<\/option><option value=\"1997\" >1997<\/option><option value=\"1996\" >1996<\/option><option value=\"1995\" >1995<\/option><option value=\"1994\" >1994<\/option><option value=\"1993\" >1993<\/option><option value=\"1992\" >1992<\/option><option value=\"1991\" >1991<\/option><option value=\"1990\" >1990<\/option><option value=\"1989\" >1989<\/option><option value=\"1988\" >1988<\/option><option value=\"1987\" >1987<\/option><option value=\"1986\" >1986<\/option><option value=\"1985\" >1985<\/option><option value=\"1984\" >1984<\/option><option value=\"1983\" >1983<\/option><option value=\"1982\" >1982<\/option><option value=\"1981\" >1981<\/option><option value=\"1980\" >1980<\/option><option value=\"1979\" >1979<\/option><option value=\"1978\" >1978<\/option><option value=\"1977\" >1977<\/option><option value=\"1976\" >1976<\/option><option value=\"1975\" >1975<\/option><option value=\"1974\" >1974<\/option><option value=\"1973\" >1973<\/option><option value=\"1972\" >1972<\/option><option value=\"1971\" >1971<\/option><option value=\"1970\" >1970<\/option><option value=\"1969\" >1969<\/option><option value=\"1968\" >1968<\/option><option value=\"1967\" >1967<\/option><option value=\"1966\" >1966<\/option><option value=\"1965\" >1965<\/option><option value=\"1964\" >1964<\/option><option value=\"1963\" >1963<\/option><option value=\"1962\" >1962<\/option><option value=\"1961\" >1961<\/option><option value=\"1960\" >1960<\/option><option value=\"1959\" >1959<\/option><option value=\"1958\" >1958<\/option><option value=\"1957\" >1957<\/option><option value=\"1956\" >1956<\/option><option value=\"1955\" >1955<\/option><option value=\"1954\" >1954<\/option><option value=\"1953\" >1953<\/option><option value=\"1952\" >1952<\/option><option value=\"1951\" >1951<\/option><option value=\"1950\" >1950<\/option><option value=\"1949\" >1949<\/option><option value=\"1948\" >1948<\/option><option value=\"1947\" >1947<\/option><option value=\"1946\" >1946<\/option><option value=\"1945\" >1945<\/option><option value=\"1944\" >1944<\/option><option value=\"1943\" >1943<\/option><option value=\"1942\" >1942<\/option><option value=\"1941\" >1941<\/option><option value=\"1940\" >1940<\/option><\/select><\/div><\/div><\/div><\/div><\/div><\/div><div class=\"forminator-row\"><div id=\"text-1\" class=\"forminator-field-text forminator-col forminator-col-12\"><div class=\"forminator-field\"><label for=\"forminator-field-text-1_69e3f873ec284\" id=\"forminator-field-text-1_69e3f873ec284-label\" class=\"forminator-label\">Ora\u0219ul \u00een care locuie\u0219ti <span class=\"forminator-required\">*<\/span><\/label><input type=\"text\" name=\"text-1\" value=\"\" placeholder=\"\" id=\"forminator-field-text-1_69e3f873ec284\" class=\"forminator-input forminator-name--field\" data-required=\"1\" \/><\/div><\/div><\/div><div class=\"forminator-row\"><div id=\"text-2\" class=\"forminator-field-text forminator-col forminator-col-12\"><div class=\"forminator-field\"><label for=\"forminator-field-text-2_69e3f873ec284\" id=\"forminator-field-text-2_69e3f873ec284-label\" class=\"forminator-label\">Cum te g\u0103sim pe Instagram? <span class=\"forminator-required\">*<\/span><\/label><input type=\"text\" name=\"text-2\" value=\"\" placeholder=\"\" id=\"forminator-field-text-2_69e3f873ec284\" class=\"forminator-input forminator-name--field\" data-required=\"1\" \/><\/div><\/div><\/div><div class=\"forminator-row\"><div id=\"text-3\" class=\"forminator-field-text forminator-col forminator-col-12\"><div class=\"forminator-field\"><label for=\"forminator-field-text-3_69e3f873ec284\" id=\"forminator-field-text-3_69e3f873ec284-label\" class=\"forminator-label\">Num\u0103rul comenzii <span class=\"forminator-required\">*<\/span><\/label><input type=\"text\" name=\"text-3\" value=\"\" placeholder=\"\" id=\"forminator-field-text-3_69e3f873ec284\" class=\"forminator-input forminator-name--field\" data-required=\"1\" \/><\/div><\/div><\/div><div class=\"forminator-row\"><div id=\"textarea-1\" class=\"forminator-field-textarea forminator-col forminator-col-12\"><div class=\"forminator-field\"><label for=\"forminator-field-textarea-1_69e3f873ec284\" id=\"forminator-field-textarea-1_69e3f873ec284-label\" class=\"forminator-label\">Produsele pe care dore\u0219ti s\u0103 le schimbi <span class=\"forminator-required\">*<\/span><\/label><textarea name=\"textarea-1\" placeholder=\"\" id=\"forminator-field-textarea-1_69e3f873ec284\" class=\"forminator-textarea\" rows=\"6\" style=\"min-height:140px;\" aria-describedby=\"forminator-field-textarea-1_69e3f873ec284-description\" ><\/textarea><span id=\"forminator-field-textarea-1_69e3f873ec284-description\" class=\"forminator-description\">Scrie produs(ele) pentru care dore\u0219ti schimbul \u0219i m\u0103rimea dorit\u0103<\/span><\/div><\/div><\/div><div class=\"forminator-row\"><div id=\"textarea-2\" class=\"forminator-field-textarea forminator-col forminator-col-12\"><div class=\"forminator-field\"><label for=\"forminator-field-textarea-2_69e3f873ec284\" id=\"forminator-field-textarea-2_69e3f873ec284-label\" class=\"forminator-label\">Motivul schimbului <span class=\"forminator-required\">*<\/span><\/label><textarea name=\"textarea-2\" placeholder=\"\" id=\"forminator-field-textarea-2_69e3f873ec284\" class=\"forminator-textarea\" rows=\"6\" style=\"min-height:140px;\" ><\/textarea><\/div><\/div><\/div><div class=\"forminator-row\"><div id=\"consent-1\" class=\"forminator-field-consent forminator-col forminator-col-12\"><div class=\"forminator-field\"><label for=\"forminator-field-consent-1_69e3f873ec284\" id=\"forminator-field-consent-1_69e3f873ec284-label\" class=\"forminator-label\">GDPR <span class=\"forminator-required\">*<\/span><\/label><div class=\"forminator-checkbox__wrapper\"><label id=\"forminator-field-consent-1_69e3f873ec284__label\" class=\"forminator-checkbox forminator-consent\" aria-labelledby=\"forminator-field-consent-1_69e3f873ec284-label\"><input type=\"checkbox\" name=\"consent-1\" id=\"forminator-field-consent-1_69e3f873ec284\" value=\"checked\" aria-labelledby=\"forminator-field-consent-1_69e3f873ec284-label\" aria-describedby=\"forminator-field-consent-1_69e3f873ec284__description\" data-required=\"true\" aria-required=\"true\" \/><span class=\"forminator-checkbox-box\" aria-hidden=\"true\"><\/span><\/label><div id=\"forminator-field-consent-1_69e3f873ec284__description\" class=\"forminator-checkbox__label forminator-consent__label\"><p>Sunt de acord cu politica de confiden\u021bialitate \u0219i cu termenii \u0219i condi\u021biile.<\/p><\/div><\/div><\/div><\/div><\/div><input type=\"hidden\" name=\"referer_url\" value=\"\" \/><div class=\"forminator-row forminator-row-last\"><div class=\"forminator-col\"><div class=\"forminator-field\"><button class=\"forminator-button forminator-button-submit\">Trimite cererea mea<\/button><\/div><\/div><\/div><input type=\"hidden\" id=\"forminator_nonce\" name=\"forminator_nonce\" value=\"b20966bc58\" \/><input type=\"hidden\" name=\"_wp_http_referer\" value=\"\/en\/wp-json\/wp\/v2\/pages\/1084\" \/><input type=\"hidden\" name=\"form_id\" value=\"2828\"><input type=\"hidden\" name=\"page_id\" value=\"1084\"><input type=\"hidden\" name=\"form_type\" value=\"default\"><input type=\"hidden\" name=\"current_url\" value=\"https:\/\/support.gymhyper.com\/en\/pagina-de-schimb\/\"><input type=\"hidden\" name=\"render_id\" value=\"0\"><input type=\"hidden\" name=\"action\" value=\"forminator_submit_form_custom-forms\"><label for=\"input_11\" class=\"forminator-hidden\" aria-hidden=\"true\">Please do not fill in this field. <input id=\"input_11\" type=\"text\" name=\"input_11\" value=\"\" autocomplete=\"off\"><\/label><input type=\"hidden\" name=\"trp-form-language\" value=\"en\"\/><\/form><\/div>\n\t\t\t\t\t\t<\/div>\n\t\t\t\t<\/div>\n\t\t\t\t<div class=\"elementor-element elementor-element-acc608a elementor-widget elementor-widget-spacer\" data-id=\"acc608a\" data-element_type=\"widget\" data-e-type=\"widget\" data-widget_type=\"spacer.default\">\n\t\t\t\t<div class=\"elementor-widget-container\">\n\t\t\t\t\t\t\t<div class=\"elementor-spacer\">\n\t\t\t<div class=\"elementor-spacer-inner\"><\/div>\n\t\t<\/div>\n\t\t\t\t\t\t<\/div>\n\t\t\t\t<\/div>\n\t\t\t\t\t<\/div>\n\t\t<\/div>\n\t\t\t\t\t<\/div>\n\t\t<\/section>\n\t\t\t\t<\/div>","protected":false},"excerpt":{"rendered":"<p>Formular de schimb Ai la dispozi\u021bie p\u00e2n\u0103 la 15 de zile pentru a \u00eencepe schimbul din momentul \u00een care comanda ta GymHyper este livrat\u0103.<\/p>","protected":false},"author":1,"featured_media":0,"parent":0,"menu_order":0,"comment_status":"closed","ping_status":"closed","template":"elementor_header_footer","meta":{"site-sidebar-layout":"default","site-content-layout":"","ast-site-content-layout":"default","site-content-style":"default","site-sidebar-style":"default","ast-global-header-display":"","ast-banner-title-visibility":"","ast-main-header-display":"","ast-hfb-above-header-display":"","ast-hfb-below-header-display":"","ast-hfb-mobile-header-display":"","site-post-title":"","ast-breadcrumbs-content":"","ast-featured-img":"","footer-sml-layout":"","ast-disable-related-posts":"","theme-transparent-header-meta":"","adv-header-id-meta":"","stick-header-meta":"","header-above-stick-meta":"","header-main-stick-meta":"","header-below-stick-meta":"","astra-migrate-meta-layouts":"default","ast-page-background-enabled":"default","ast-page-background-meta":{"desktop":{"background-color":"var(--ast-global-color-4)","background-image":"","background-repeat":"repeat","background-position":"center center","background-size":"auto","background-attachment":"scroll","background-type":"","background-media":"","overlay-type":"","overlay-color":"","overlay-opacity":"","overlay-gradient":""},"tablet":{"background-color":"","background-image":"","background-repeat":"repeat","background-position":"center center","background-size":"auto","background-attachment":"scroll","background-type":"","background-media":"","overlay-type":"","overlay-color":"","overlay-opacity":"","overlay-gradient":""},"mobile":{"background-color":"","background-image":"","background-repeat":"repeat","background-position":"center center","background-size":"auto","background-attachment":"scroll","background-type":"","background-media":"","overlay-type":"","overlay-color":"","overlay-opacity":"","overlay-gradient":""}},"ast-content-background-meta":{"desktop":{"background-color":"var(--ast-global-color-5)","background-image":"","background-repeat":"repeat","background-position":"center center","background-size":"auto","background-attachment":"scroll","background-type":"","background-media":"","overlay-type":"","overlay-color":"","overlay-opacity":"","overlay-gradient":""},"tablet":{"background-color":"var(--ast-global-color-5)","background-image":"","background-repeat":"repeat","background-position":"center center","background-size":"auto","background-attachment":"scroll","background-type":"","background-media":"","overlay-type":"","overlay-color":"","overlay-opacity":"","overlay-gradient":""},"mobile":{"background-color":"var(--ast-global-color-5)","background-image":"","background-repeat":"repeat","background-position":"center center","background-size":"auto","background-attachment":"scroll","background-type":"","background-media":"","overlay-type":"","overlay-color":"","overlay-opacity":"","overlay-gradient":""}},"footnotes":""},"class_list":["post-1084","page","type-page","status-publish","hentry"],"yoast_head":"<!-- This site is optimized with the Yoast SEO plugin v26.9 - https:\/\/yoast.com\/product\/yoast-seo-wordpress\/ -->\n<title>Pagina de schimb - Formular de Retur Produse GymHyper<\/title>\n<meta name=\"description\" content=\"Pagina de schimb - Ave\u021bi la dispozi\u021bie p\u00e2n\u0103 la 15 de zile pentru a \u00eencepe schimbul din momentul \u00een care comanda dvs. GymHyper este livr...\" \/>\n<meta name=\"robots\" content=\"index, follow, max-snippet:-1, max-image-preview:large, max-video-preview:-1\" \/>\n<link rel=\"canonical\" href=\"https:\/\/support.gymhyper.com\/en\/pagina-de-schimb\/\" \/>\n<meta property=\"og:locale\" content=\"en_GB\" \/>\n<meta property=\"og:type\" content=\"article\" \/>\n<meta property=\"og:title\" content=\"Pagina de schimb - Formular de Retur Produse GymHyper\" \/>\n<meta property=\"og:description\" content=\"Pagina de schimb - Ave\u021bi la dispozi\u021bie p\u00e2n\u0103 la 15 de zile pentru a \u00eencepe schimbul din momentul \u00een care comanda dvs. GymHyper este livr...\" \/>\n<meta property=\"og:url\" content=\"https:\/\/support.gymhyper.com\/en\/pagina-de-schimb\/\" \/>\n<meta property=\"og:site_name\" content=\"GymHyper\" \/>\n<meta property=\"article:modified_time\" content=\"2024-11-28T21:52:40+00:00\" \/>\n<meta name=\"twitter:card\" content=\"summary_large_image\" \/>\n<meta name=\"twitter:label1\" content=\"Estimated reading time\" \/>\n\t<meta name=\"twitter:data1\" content=\"1 minute\" \/>\n<script type=\"application\/ld+json\" class=\"yoast-schema-graph\">{\"@context\":\"https:\/\/schema.org\",\"@graph\":[{\"@type\":\"WebPage\",\"@id\":\"https:\/\/support.gymhyper.com\/pagina-de-schimb\/\",\"url\":\"https:\/\/support.gymhyper.com\/pagina-de-schimb\/\",\"name\":\"Pagina de schimb - Formular de Retur Produse GymHyper\",\"isPartOf\":{\"@id\":\"https:\/\/support.gymhyper.com\/#website\"},\"datePublished\":\"2022-10-22T15:52:31+00:00\",\"dateModified\":\"2024-11-28T21:52:40+00:00\",\"description\":\"Pagina de schimb - Ave\u021bi la dispozi\u021bie p\u00e2n\u0103 la 15 de zile pentru a \u00eencepe schimbul din momentul \u00een care comanda dvs. GymHyper este livr...\",\"breadcrumb\":{\"@id\":\"https:\/\/support.gymhyper.com\/pagina-de-schimb\/#breadcrumb\"},\"inLanguage\":\"en-GB\",\"potentialAction\":[{\"@type\":\"ReadAction\",\"target\":[\"https:\/\/support.gymhyper.com\/pagina-de-schimb\/\"]}]},{\"@type\":\"BreadcrumbList\",\"@id\":\"https:\/\/support.gymhyper.com\/pagina-de-schimb\/#breadcrumb\",\"itemListElement\":[{\"@type\":\"ListItem\",\"position\":1,\"name\":\"Help Hub\",\"item\":\"https:\/\/support.gymhyper.com\/\"},{\"@type\":\"ListItem\",\"position\":2,\"name\":\"Schimb\"}]},{\"@type\":\"WebSite\",\"@id\":\"https:\/\/support.gymhyper.com\/#website\",\"url\":\"https:\/\/support.gymhyper.com\/\",\"name\":\"GymHyper\",\"description\":\"Support\",\"potentialAction\":[{\"@type\":\"SearchAction\",\"target\":{\"@type\":\"EntryPoint\",\"urlTemplate\":\"https:\/\/support.gymhyper.com\/?s={search_term_string}\"},\"query-input\":{\"@type\":\"PropertyValueSpecification\",\"valueRequired\":true,\"valueName\":\"search_term_string\"}}],\"inLanguage\":\"en-GB\"}]}<\/script>\n<!-- \/ Yoast SEO plugin. -->","yoast_head_json":{"title":"Pagina de schimb - Formular de Retur Produse GymHyper","description":"Pagina de schimb - Ave\u021bi la dispozi\u021bie p\u00e2n\u0103 la 15 de zile pentru a \u00eencepe schimbul din momentul \u00een care comanda dvs. GymHyper este livr...","robots":{"index":"index","follow":"follow","max-snippet":"max-snippet:-1","max-image-preview":"max-image-preview:large","max-video-preview":"max-video-preview:-1"},"canonical":"https:\/\/support.gymhyper.com\/en\/pagina-de-schimb\/","og_locale":"en_GB","og_type":"article","og_title":"Pagina de schimb - Formular de Retur Produse GymHyper","og_description":"Pagina de schimb - Ave\u021bi la dispozi\u021bie p\u00e2n\u0103 la 15 de zile pentru a \u00eencepe schimbul din momentul \u00een care comanda dvs. GymHyper este livr...","og_url":"https:\/\/support.gymhyper.com\/en\/pagina-de-schimb\/","og_site_name":"GymHyper","article_modified_time":"2024-11-28T21:52:40+00:00","twitter_card":"summary_large_image","twitter_misc":{"Estimated reading time":"1 minute"},"schema":{"@context":"https:\/\/schema.org","@graph":[{"@type":"WebPage","@id":"https:\/\/support.gymhyper.com\/pagina-de-schimb\/","url":"https:\/\/support.gymhyper.com\/pagina-de-schimb\/","name":"Pagina de schimb - Formular de Retur Produse GymHyper","isPartOf":{"@id":"https:\/\/support.gymhyper.com\/#website"},"datePublished":"2022-10-22T15:52:31+00:00","dateModified":"2024-11-28T21:52:40+00:00","description":"Pagina de schimb - Ave\u021bi la dispozi\u021bie p\u00e2n\u0103 la 15 de zile pentru a \u00eencepe schimbul din momentul \u00een care comanda dvs. GymHyper este livr...","breadcrumb":{"@id":"https:\/\/support.gymhyper.com\/pagina-de-schimb\/#breadcrumb"},"inLanguage":"en-GB","potentialAction":[{"@type":"ReadAction","target":["https:\/\/support.gymhyper.com\/pagina-de-schimb\/"]}]},{"@type":"BreadcrumbList","@id":"https:\/\/support.gymhyper.com\/pagina-de-schimb\/#breadcrumb","itemListElement":[{"@type":"ListItem","position":1,"name":"Help Hub","item":"https:\/\/support.gymhyper.com\/"},{"@type":"ListItem","position":2,"name":"Schimb"}]},{"@type":"WebSite","@id":"https:\/\/support.gymhyper.com\/#website","url":"https:\/\/support.gymhyper.com\/","name":"GymHyper","description":"Support","potentialAction":[{"@type":"SearchAction","target":{"@type":"EntryPoint","urlTemplate":"https:\/\/support.gymhyper.com\/?s={search_term_string}"},"query-input":{"@type":"PropertyValueSpecification","valueRequired":true,"valueName":"search_term_string"}}],"inLanguage":"en-GB"}]}},"_links":{"self":[{"href":"https:\/\/support.gymhyper.com\/en\/wp-json\/wp\/v2\/pages\/1084","targetHints":{"allow":["GET"]}}],"collection":[{"href":"https:\/\/support.gymhyper.com\/en\/wp-json\/wp\/v2\/pages"}],"about":[{"href":"https:\/\/support.gymhyper.com\/en\/wp-json\/wp\/v2\/types\/page"}],"author":[{"embeddable":true,"href":"https:\/\/support.gymhyper.com\/en\/wp-json\/wp\/v2\/users\/1"}],"replies":[{"embeddable":true,"href":"https:\/\/support.gymhyper.com\/en\/wp-json\/wp\/v2\/comments?post=1084"}],"version-history":[{"count":35,"href":"https:\/\/support.gymhyper.com\/en\/wp-json\/wp\/v2\/pages\/1084\/revisions"}],"predecessor-version":[{"id":2831,"href":"https:\/\/support.gymhyper.com\/en\/wp-json\/wp\/v2\/pages\/1084\/revisions\/2831"}],"wp:attachment":[{"href":"https:\/\/support.gymhyper.com\/en\/wp-json\/wp\/v2\/media?parent=1084"}],"curies":[{"name":"wp","href":"https:\/\/api.w.org\/{rel}","templated":true}]}}